{"id":608,"date":"2020-06-24T20:57:22","date_gmt":"2020-06-24T20:57:22","guid":{"rendered":"http:\/\/www.medhopepharmacyrx.com\/main\/?page_id=608"},"modified":"2020-06-24T21:15:13","modified_gmt":"2020-06-24T21:15:13","slug":"aviso-hipaa-de-practicas-de-privacidad","status":"publish","type":"page","link":"https:\/\/medhopepharmacyrx.com\/main\/aviso-hipaa-de-practicas-de-privacidad\/","title":{"rendered":"Aviso HIPAA de Practicas de Privacidad"},"content":{"rendered":"\t\t<div data-elementor-type=\"wp-page\" data-elementor-id=\"608\" class=\"elementor elementor-608\">\n\t\t\t\t\t\t<section class=\"elementor-section elementor-top-section elementor-element elementor-element-37577e5 elementor-section-boxed elementor-section-height-default elementor-section-height-default\" data-id=\"37577e5\" data-element_type=\"section\" data-settings=\"{&quot;background_background&quot;:&quot;classic&quot;}\">\n\t\t\t\t\t\t<div class=\"elementor-container elementor-column-gap-default\">\n\t\t\t\t\t<div class=\"elementor-column elementor-col-100 elementor-top-column elementor-element elementor-element-2443f8f\" data-id=\"2443f8f\" data-element_type=\"column\">\n\t\t\t<div class=\"elementor-widget-wrap elementor-element-populated\">\n\t\t\t\t\t\t<div class=\"elementor-element elementor-element-5506648 elementor-widget elementor-widget-heading\" data-id=\"5506648\" data-element_type=\"widget\" data-widget_type=\"heading.default\">\n\t\t\t\t<div class=\"elementor-widget-container\">\n\t\t\t\t\t<h2 class=\"elementor-heading-title elementor-size-default\">Aviso HIPAA de Practicas de Privacidad<\/h2>\t\t\t\t<\/div>\n\t\t\t\t<\/div>\n\t\t\t\t\t<\/div>\n\t\t<\/div>\n\t\t\t\t\t<\/div>\n\t\t<\/section>\n\t\t\t\t<section class=\"elementor-section elementor-top-section elementor-element elementor-element-da05ac7 elementor-section-boxed elementor-section-height-default elementor-section-height-default\" data-id=\"da05ac7\" data-element_type=\"section\">\n\t\t\t\t\t\t<div class=\"elementor-container elementor-column-gap-default\">\n\t\t\t\t\t<div class=\"elementor-column elementor-col-100 elementor-top-column elementor-element elementor-element-151e424\" data-id=\"151e424\" data-element_type=\"column\">\n\t\t\t<div class=\"elementor-widget-wrap elementor-element-populated\">\n\t\t\t\t\t\t<div class=\"elementor-element elementor-element-b8a248e elementor-widget elementor-widget-text-editor\" data-id=\"b8a248e\" data-element_type=\"widget\" data-widget_type=\"text-editor.default\">\n\t\t\t\t<div class=\"elementor-widget-container\">\n\t\t\t\t\t\t\t\t\t<p><b>Su informaci\u00f3n. Sus derechos. Nuestras responsabilidades.<\/b><\/p><p><span style=\"font-size: 17px;\">Esta notificaci\u00f3n describe c\u00f3mo puede utilizarse y divulgarse su informaci\u00f3n m\u00e9dica, y c\u00f3mo puede acceder usted a esta informaci\u00f3n. Rev\u00edsela con cuidado.<\/span><\/p><h3><b>Sus derechos<\/b><\/h3><p><b>Usted cuenta con los siguientes derechos:<\/b><br \/>\u2022 Obtener una copia de su historial m\u00e9dico en papel o en formato electr\u00f3nico.<br \/>\u2022 Corregir en papel o en formato electr\u00f3nico su historial m\u00e9dico.<br \/>\u2022 Solicitar comunicaci\u00f3n confidencial.<br \/>\u2022 Pedirnos que limitemos la informaci\u00f3n que compartimos.<br \/>\u2022 Recibir una lista de aquellos con quienes hemos compartido su informaci\u00f3n.<br \/>\u2022 Obtener una copia de esta notificaci\u00f3n de privacidad.<br \/>\u2022 Elegir a alguien que act\u00fae en su nombre.<br \/>\u2022 Presentar una queja si considera que se violaron sus derechos de privacidad.<\/p><h3><b>Sus opciones<\/b><\/h3><p><b>Tiene algunas opciones con respecto a la manera en que utilizamos y compartimos informaci\u00f3n cuando:<\/b><br \/>\u2022 Le contamos a su familia y amigos sobre su estado personal.<br \/>\u2022 Proporcionamos alivio en caso de una cat\u00e1strofe.<br \/>\u2022 Lo incluimos en un directorio hospitalario.<br \/>\u2022 Proporcionamos atenci\u00f3n m\u00e9dica mental.<br \/>\u2022 Comercializamos nuestros servicios y vendemos su informaci\u00f3n.<br \/>\u2022 Recaudamos fondos.<\/p><h3><b>Nuestros usos y divulgaciones<\/b><\/h3><p><b>Podemos utilizar y compartir su informaci\u00f3n cuando:<\/b><br \/>\u2022 Lo atendemos.<br \/>\u2022 Dirigimos nuestra organizaci\u00f3n.<br \/>\u2022 Facturamos por sus servicios.<br \/>\u2022 Ayudamos con asuntos de seguridad y salud p\u00fablica.<br \/>\u2022 Realizamos investigaciones m\u00e9dicas.<br \/>\u2022 Cumplimos con la ley.<br \/>\u2022 Respondemos a las solicitudes de donaci\u00f3n de \u00f3rganos y tejidos.<br \/>\u2022 Trabajamos con un m\u00e9dico forense o director funerario.<br \/>\u2022 Tratamos la compensaci\u00f3n de trabajadores, el cumplimiento de la ley y otras solicitudes gubernamentales.<br \/>\u2022 Respondemos a demandas y acciones legales.<\/p><h3><b>Sus derechos<\/b><\/h3><p><b>Cuando se trata de su informaci\u00f3n m\u00e9dica, usted tiene ciertos derechos. Esta secci\u00f3n explica sus derechos y algunas de nuestras responsabilidades para ayudarlo.<\/b><\/p><p><b>Obtener una copia en formato electr\u00f3nico o en papel de su historial m\u00e9dico<\/b><br \/>\u2022 Puede solicitar que le muestren o le entreguen una copia en formato electr\u00f3nico o en papel de su historial m\u00e9dico y otra informaci\u00f3n m\u00e9dica que tengamos de usted. Preg\u00fantenos c\u00f3mo hacerlo.<br \/>\u2022 Le entregaremos una copia o un resumen de su informaci\u00f3n m\u00e9dica, generalmente dentro de 30 d\u00edas de su solicitud. Podemos cobrar un cargo razonable en base al costo.<\/p><p><b>Solicitarnos que corrijamos su historial m\u00e9dico<\/b><br \/>\u2022 Puede solicitarnos que corrijamos la informaci\u00f3n m\u00e9dica sobre usted que piensa que es incorrecta o est\u00e1 incompleta. Preg\u00fantenos c\u00f3mo hacerlo.<br \/>\u2022 Podemos decir \u201cno\u201d a su solicitud, pero le daremos una raz\u00f3n por escrito dentro de 60 d\u00edas.<b><br \/><\/b><\/p><p><b>Solicitar comunicaciones confidenciales<\/b><br \/>\u2022 Puede solicitarnos que nos comuniquemos con usted de una manera espec\u00edfica (por ejemplo, por tel\u00e9fono particular o laboral) o que enviemos la correspondencia a una direcci\u00f3n diferente.<br \/>\u2022 Le diremos \u201cs\u00ed\u201d a todas las solicitudes razonables.<br \/>Solicitarnos que limitemos lo que utilizamos o compartimos<br \/>\u2022 Puede solicitarnos que no utilicemos ni compartamos determinada informaci\u00f3n m\u00e9dica para el tratamiento, pago o para nuestras operaciones. No estamos obligados a aceptar su solicitud, y podemos decir \u201cno\u201d si esto afectara su atenci\u00f3n.<br \/>\u2022 Si paga por un servicio o art\u00edculo de atenci\u00f3n m\u00e9dica por cuenta propia en su totalidad, puede solicitarnos que no compartamos esa informaci\u00f3n con el prop\u00f3sito de pago o nuestras operaciones con su aseguradora m\u00e9dica. Diremos \u201cs\u00ed\u201d a menos que una ley requiera que compartamos dicha informaci\u00f3n.<b><br \/><\/b><\/p><p><b>Recibir una lista de aquellos con quienes hemos compartido informaci\u00f3n<\/b><br \/>\u2022 Puede solicitar una lista (informe) de las veces que hemos compartido su informaci\u00f3n m\u00e9dica durante los seis a\u00f1os previos a la fecha de su solicitud, con qui\u00e9n la hemos compartido y por qu\u00e9.<br \/>\u2022 Incluiremos todas las divulgaciones excepto aquellas sobre el tratamiento, pago y operaciones de atenci\u00f3n m\u00e9dica, y otras divulgaciones determinadas (como cualquiera de las que usted nos haya solicitado hacer). Le proporcionaremos un informe gratis por a\u00f1o pero cobraremos un cargo razonable en base al costo si usted solicita otro dentro de los 12 meses.<br \/>Obtener una copia de esta notificaci\u00f3n de privacidad<br \/>\u2022 Puede solicitar una copia en papel de esta notificaci\u00f3n en cualquier momento, incluso si acord\u00f3 recibir la notificaci\u00f3n de forma electr\u00f3nica. Le proporcionaremos una copia en papel de inmediato.<b><br \/><\/b><\/p><p><b>Elegir a alguien para que act\u00fae en su nombre<\/b><br \/>\u2022 Si usted le ha otorgado a alguien la representaci\u00f3n m\u00e9dica o si alguien es su tutor legal, aquella persona puede ejercer sus derechos y tomar decisiones sobre su informaci\u00f3n m\u00e9dica.<br \/>\u2022 Nos aseguraremos de que la persona tenga esta autoridad y pueda actuar en su nombre antes de tomar cualquier medida.<\/p><p><b>Presentar una queja si considera que se violaron sus derechos<br \/><\/b>\u2022 Si considera que hemos violado sus derechos, puede presentar una queja comunic\u00e1ndose con nosotros por medio de la informaci\u00f3n de la p\u00e1gina 1.<br \/>\u2022 Puede presentar una queja en la Oficina de Derechos Civiles del Departamento de Salud y Servicios Humanos enviando una carta a: Department of Health and Human Services, 200 Independence Avenue, S.W., Washington, D.C. 20201, llamando al 1-800-368-1019 o visitando www.hhs.gov\/ocr\/privacy\/hipaa\/understanding\/consumers\/factsheets_spanish.html, los \u00faltimos dos disponibles en espa\u00f1ol.<br \/>\u2022 No tomaremos represalias en su contra por la presentaci\u00f3n de una queja.<\/p><h2><b>Sus opciones<\/b><\/h2><p><b>Para determinada informaci\u00f3n m\u00e9dica, puede decirnos sus decisiones sobre qu\u00e9 compartimos. Si tiene una preferencia clara de c\u00f3mo compartimos su informaci\u00f3n en las situaciones descritas debajo, comun\u00edquese con nosotros. D\u00edganos qu\u00e9 quiere que hagamos, y seguiremos sus instrucciones.<br \/>En estos casos, tiene tanto el derecho como la opci\u00f3n de pedirnos que:<\/b><br \/>\u2022 Compartamos informaci\u00f3n con su familia, amigos cercanos u otras personas involucradas en su atenci\u00f3n.<br \/>\u2022 Compartamos informaci\u00f3n en una situaci\u00f3n de alivio en caso de una cat\u00e1strofe.<br \/>\u2022 Incluyamos su informaci\u00f3n en un directorio hospitalario.<\/p><p><b>Si no puede decirnos su preferencia, por ejemplo, si se encuentra inconsciente, podemos seguir adelante y compartir su informaci\u00f3n si creemos que es para beneficio propio. Tambi\u00e9n podemos compartir su informaci\u00f3n cuando sea necesario para reducir una amenaza grave e inminente a la salud o seguridad.<\/b><\/p><p><b>En estos casos, nunca compartiremos su informaci\u00f3n a menos que nos entregue un permiso por escrito:<\/b><br \/>\u2022 Prop\u00f3sitos de mercadeo.<br \/>\u2022 Venta de su informaci\u00f3n.<br \/>\u2022 La mayor\u00eda de los casos en que se comparten notas de psicoterapia.<\/p><p><b>En el caso de recaudaci\u00f3n de fondos:<br \/>\u2022 <\/b>Podemos comunicarnos con usted por temas de recaudaci\u00f3n, pero puede pedirnos que no lo volvamos a contactar.<\/p><h2>Nuestros usos y divulgaciones<\/h2><p><b>Por lo general, \u00bfc\u00f3mo utilizamos o compartimos su informaci\u00f3n m\u00e9dica? Por lo general, utilizamos o compartimos su informaci\u00f3n m\u00e9dica de las siguientes maneras.<\/b><\/p><p><b>Tratamiento<\/b><br \/>\u2022 Podemos utilizar su informaci\u00f3n m\u00e9dica y compartirla con otros profesionales que lo est\u00e9n tratando.<br \/>Ejemplo: Un m\u00e9dico que lo est\u00e1 tratando por una lesi\u00f3n le consulta a otro doctor sobre su estado de salud general.<br \/>Dirigir nuestra organizaci\u00f3n<br \/>\u2022 Podemos utilizar y divulgar su informaci\u00f3n para llevar a cabo nuestra pr\u00e1ctica, mejorar su atenci\u00f3n y comunicarnos con usted cuando sea necesario.<br \/>Ejemplo: Utilizamos informaci\u00f3n m\u00e9dica sobre usted para administrar su tratamiento y servicios.<\/p><p><b>Facturar por sus servicios<\/b><br \/>\u2022 Podemos utilizar y compartir su informaci\u00f3n para facturar y obtener el pago de los planes de salud y otras entidades.<br \/>Ejemplo: Entregamos informaci\u00f3n acerca de usted a su plan de seguro m\u00e9dico para que \u00e9ste pague por sus servicios.<br \/>\u00bfDe qu\u00e9 otra manera podemos utilizar o compartir su informaci\u00f3n m\u00e9dica? Se nos permite o exige compartir su informaci\u00f3n de otras maneras (por lo general, de maneras que contribuyan al bien p\u00fablico, como la salud p\u00fablica e investigaciones m\u00e9dicas). Tenemos que reunir muchas condiciones legales antes de poder compartir su informaci\u00f3n con dichos prop\u00f3sitos. Para m\u00e1s informaci\u00f3n, visite: www.hhs.gov\/ocr\/privacy\/hipaa\/understanding\/consumers\/factsheets_spanish.html, disponible en espa\u00f1ol.<b><br \/><\/b><\/p><p><b>Ayudar con asuntos de salud p\u00fablica y seguridad<\/b><br \/>\u2022 Podemos compartir su informaci\u00f3n m\u00e9dica en determinadas situaciones, como:<br \/>\u2022 Prevenci\u00f3n de enfermedades.<br \/>\u2022 Ayuda con el retiro de productos del mercado.<br \/>\u2022 Informe de reacciones adversas a los medicamentos.<br \/>\u2022 Informe de sospecha de abuso, negligencia o violencia dom\u00e9stica.<br \/>\u2022 Prevenci\u00f3n o reducci\u00f3n de amenaza grave hacia la salud o seguridad de alguien.<\/p><p><b>Realizar investigaciones m\u00e9dicas<\/b><br \/>\u2022 Podemos utilizar o compartir su informaci\u00f3n para investigaci\u00f3n de salud.<\/p><p><b>Cumplir con la ley<\/b><br \/>\u2022 Podemos compartir su informaci\u00f3n si las leyes federales o estatales lo requieren, incluyendo compartir la informaci\u00f3n con el Departamento de Salud y Servicios Humanos si \u00e9ste quiere comprobar que cumplimos con la Ley de Privacidad Federal.<\/p><p><b>Responder a las solicitudes de donaci\u00f3n de \u00f3rganos y tejidos<\/b><br \/>\u2022 Podemos compartir su informaci\u00f3n m\u00e9dica con las organizaciones de procuraci\u00f3n de \u00f3rganos.<\/p><p><b>Trabajar con un m\u00e9dico forense o director funerario<\/b><br \/>\u2022 Podemos compartir informaci\u00f3n m\u00e9dica con un oficial de investigaci\u00f3n forense, m\u00e9dico forense o director funerario cuando un individuo fallece.<\/p><p><b>Tratar la compensaci\u00f3n de trabajadores, el cumplimiento de la ley y otras solicitudes gubernamentales<\/b><br \/>\u2022 Podemos utilizar o compartir su informaci\u00f3n m\u00e9dica:<br \/>o En reclamos de compensaci\u00f3n de trabajadores.<br \/>o A los fines de cumplir con la ley o con un personal de las fuerzas de seguridad.<br \/>o Con agencias de supervisi\u00f3n sanitaria para las actividades autorizadas por ley.<br \/>o En el caso de funciones gubernamentales especiales, como los servicios de protecci\u00f3n presidencial, seguridad nacional y servicios militares.<\/p><p><b>Responder a demandas y acciones legales<\/b><br \/>\u2022 Podemos compartir su informaci\u00f3n m\u00e9dica en respuesta a una orden administrativa o de un tribunal o en respuesta a una citaci\u00f3n.<\/p><h3>Nuestras responsabilidades<\/h3><p>\u2022 Estamos obligados por ley a mantener la privacidad y seguridad de su informaci\u00f3n m\u00e9dica protegida.<br \/>\u2022 Le haremos saber de inmediato si ocurre un incumplimiento que pueda haber comprometido la privacidad o seguridad de su informaci\u00f3n.<br \/>\u2022 Debemos seguir los deberes y pr\u00e1cticas de privacidad descritas en esta notificaci\u00f3n y entregarle una copia de la misma.<br \/>\u2022 No utilizaremos ni compartiremos su informaci\u00f3n de otra manera distinta a la aqu\u00ed descrita, a menos que usted nos diga por escrito que podemos hacerlo. Si nos dice que podemos, puede cambiar de parecer en cualquier momento. H\u00e1ganos saber por escrito si usted cambia de parecer.<br \/>Para m\u00e1s informaci\u00f3n, visite: www.hhs.gov\/ocr\/privacy\/hipaa\/understanding\/consumers\/factsheets_spanish.html, disponible en espa\u00f1ol.<\/p><h3>Cambios a los t\u00e9rminos de esta notificaci\u00f3n<\/h3><p><b>Podemos modificar los t\u00e9rminos de esta notificaci\u00f3n, y los cambios se aplicar\u00e1n a toda la informaci\u00f3n que tenemos sobre usted. La nueva notificaci\u00f3n estar\u00e1 disponible seg\u00fan se solicite, en nuestra oficina, y en nuestro sitio web.<\/b><\/p><h3><b>Oficial de Privacidad<\/b><\/h3><p>Administrador del Defensor del Paciente<\/p><p><span style=\"font-size: 17px;\">Correo Electr\u00f3nico: admin@medhopepharmacyrx.com<\/span><\/p><p>Tel\u00e9fono: (866) 279-0497<\/p>\t\t\t\t\t\t\t\t<\/div>\n\t\t\t\t<\/div>\n\t\t\t\t<div class=\"elementor-element elementor-element-76dcd49 elementor-align-center elementor-widget elementor-widget-button\" data-id=\"76dcd49\" data-element_type=\"widget\" data-widget_type=\"button.default\">\n\t\t\t\t<div class=\"elementor-widget-container\">\n\t\t\t\t\t\t\t\t\t<div class=\"elementor-button-wrapper\">\n\t\t\t\t\t<a class=\"elementor-button elementor-button-link elementor-size-sm\" href=\"http:\/\/www.medhopepharmacyrx.com\/main\/wp-content\/uploads\/2020\/06\/MEDhope-Pharmacy-Aviso-HIPAA-Espa\u00f1ol.pdf\">\n\t\t\t\t\t\t<span class=\"elementor-button-content-wrapper\">\n\t\t\t\t\t\t\t\t\t<span class=\"elementor-button-text\">Ver\/Imprimir PDF<\/span>\n\t\t\t\t\t<\/span>\n\t\t\t\t\t<\/a>\n\t\t\t\t<\/div>\n\t\t\t\t\t\t\t\t<\/div>\n\t\t\t\t<\/div>\n\t\t\t\t\t<\/div>\n\t\t<\/div>\n\t\t\t\t\t<\/div>\n\t\t<\/section>\n\t\t\t\t<\/div>\n\t\t","protected":false},"excerpt":{"rendered":"<p>Aviso HIPAA de Practicas de Privacidad Su informaci\u00f3n. Sus derechos. Nuestras responsabilidades. Esta notificaci\u00f3n describe c\u00f3mo puede utilizarse y divulgarse su informaci\u00f3n m\u00e9dica, y c\u00f3mo puede acceder usted a esta informaci\u00f3n. Rev\u00edsela con cuidado. Sus derechos Usted cuenta con los siguientes derechos:\u2022 Obtener una copia de su historial m\u00e9dico en papel o en formato electr\u00f3nico.\u2022 [&hellip;]<\/p>\n","protected":false},"author":1,"featured_media":0,"parent":0,"menu_order":0,"comment_status":"closed","ping_status":"closed","template":"","meta":{"site-sidebar-layout":"no-sidebar","site-content-layout":"page-builder","ast-site-content-layout":"default","site-content-style":"default","site-sidebar-style":"default","ast-global-header-display":"","ast-banner-title-visibility":"","ast-main-header-display":"","ast-hfb-above-header-display":"","ast-hfb-below-header-display":"","ast-hfb-mobile-header-display":"","site-post-title":"disabled","ast-breadcrumbs-content":"","ast-featured-img":"disabled","footer-sml-layout":"","theme-transparent-header-meta":"default","adv-header-id-meta":"","stick-header-meta":"","header-above-stick-meta":"","header-main-stick-meta":"","header-below-stick-meta":"","astra-migrate-meta-layouts":"default","ast-page-background-enabled":"default","ast-page-background-meta":{"desktop":{"background-color":"","background-image":"","background-repeat":"repeat","background-position":"center center","background-size":"auto","background-attachment":"scroll","background-type":"","background-media":"","overlay-type":"","overlay-color":"","overlay-opacity":"","overlay-gradient":""},"tablet":{"background-color":"","background-image":"","background-repeat":"repeat","background-position":"center center","background-size":"auto","background-attachment":"scroll","background-type":"","background-media":"","overlay-type":"","overlay-color":"","overlay-opacity":"","overlay-gradient":""},"mobile":{"background-color":"","background-image":"","background-repeat":"repeat","background-position":"center center","background-size":"auto","background-attachment":"scroll","background-type":"","background-media":"","overlay-type":"","overlay-color":"","overlay-opacity":"","overlay-gradient":""}},"ast-content-background-meta":{"desktop":{"background-color":"var(--ast-global-color-5)","background-image":"","background-repeat":"repeat","background-position":"center center","background-size":"auto","background-attachment":"scroll","background-type":"","background-media":"","overlay-type":"","overlay-color":"","overlay-opacity":"","overlay-gradient":""},"tablet":{"background-color":"var(--ast-global-color-5)","background-image":"","background-repeat":"repeat","background-position":"center center","background-size":"auto","background-attachment":"scroll","background-type":"","background-media":"","overlay-type":"","overlay-color":"","overlay-opacity":"","overlay-gradient":""},"mobile":{"background-color":"var(--ast-global-color-5)","background-image":"","background-repeat":"repeat","background-position":"center center","background-size":"auto","background-attachment":"scroll","background-type":"","background-media":"","overlay-type":"","overlay-color":"","overlay-opacity":"","overlay-gradient":""}},"footnotes":""},"class_list":["post-608","page","type-page","status-publish","hentry"],"_links":{"self":[{"href":"https:\/\/medhopepharmacyrx.com\/main\/wp-json\/wp\/v2\/pages\/608","targetHints":{"allow":["GET"]}}],"collection":[{"href":"https:\/\/medhopepharmacyrx.com\/main\/wp-json\/wp\/v2\/pages"}],"about":[{"href":"https:\/\/medhopepharmacyrx.com\/main\/wp-json\/wp\/v2\/types\/page"}],"author":[{"embeddable":true,"href":"https:\/\/medhopepharmacyrx.com\/main\/wp-json\/wp\/v2\/users\/1"}],"replies":[{"embeddable":true,"href":"https:\/\/medhopepharmacyrx.com\/main\/wp-json\/wp\/v2\/comments?post=608"}],"version-history":[{"count":6,"href":"https:\/\/medhopepharmacyrx.com\/main\/wp-json\/wp\/v2\/pages\/608\/revisions"}],"predecessor-version":[{"id":617,"href":"https:\/\/medhopepharmacyrx.com\/main\/wp-json\/wp\/v2\/pages\/608\/revisions\/617"}],"wp:attachment":[{"href":"https:\/\/medhopepharmacyrx.com\/main\/wp-json\/wp\/v2\/media?parent=608"}],"curies":[{"name":"wp","href":"https:\/\/api.w.org\/{rel}","templated":true}]}}